{"id":665,"date":"2022-09-14T09:36:12","date_gmt":"2022-09-14T12:36:12","guid":{"rendered":"https:\/\/ricaun.com\/?page_id=665"},"modified":"2026-04-10T12:42:23","modified_gmt":"2026-04-10T15:42:23","slug":"apploader","status":"publish","type":"page","link":"https:\/\/ricaun.com\/br\/apploader\/","title":{"rendered":"AppLoader"},"content":{"rendered":"<div class=\"wp-block-columns is-layout-flex wp-container-core-columns-is-layout-9d6595d7 wp-block-columns-is-layout-flex\">\n<div class=\"wp-block-column is-layout-flow wp-block-column-is-layout-flow\"><div class=\"wp-block-image\">\n<figure class=\"aligncenter size-full is-resized\"><img loading=\"lazy\" decoding=\"async\" width=\"640\" height=\"640\" src=\"https:\/\/ricaun.com\/wp-content\/uploads\/2022\/09\/AppLoader640.png\" alt=\"\" class=\"wp-image-666\" style=\"width:320px;height:320px\" srcset=\"https:\/\/ricaun.com\/wp-content\/uploads\/2022\/09\/AppLoader640.png 640w, https:\/\/ricaun.com\/wp-content\/uploads\/2022\/09\/AppLoader640-300x300.png 300w, https:\/\/ricaun.com\/wp-content\/uploads\/2022\/09\/AppLoader640-150x150.png 150w, https:\/\/ricaun.com\/wp-content\/uploads\/2022\/09\/AppLoader640-12x12.png 12w\" sizes=\"auto, (max-width: 640px) 100vw, 640px\" \/><\/figure>\n<\/div><\/div>\n\n\n\n<div class=\"wp-block-column is-vertically-aligned-center is-layout-flow wp-block-column-is-layout-flow\">\n<p><strong>AppLoader \u00e9 um plugin para Revit que permite executar comandos e aplicativos sem precisar fechar e abrir o Revit.<\/strong><\/p>\n\n\n\n<p><strong>AppLoader permite criar C# plugins no Visual Studio 2022 e conect\u00e1-lo com o Revit, cada atualiza\u00e7\u00e3o feita no projeto ser\u00e1 refletida automaticamente no Revit.<\/strong><\/p>\n\n\n\n<p><strong><strong>Perfeito para quem deseja desenvolver plugins usando o Revit Api.<\/strong><\/strong><\/p>\n<\/div>\n<\/div>\n\n\n<\/p>\n<div class=\"nv-iframe-embed\"><iframe loading=\"lazy\" title=\"ricaun.AppLoader - Portuguese\" width=\"1200\" height=\"675\" src=\"https:\/\/www.youtube.com\/embed\/HqjwIfll3h0?feature=oembed\" frameborder=\"0\" allow=\"accelerometer; autoplay; clipboard-write; encrypted-media; gyroscope; picture-in-picture; web-share\" allowfullscreen><\/iframe><\/div>\n<p><\/p>\n\n\n\n<div class=\"wp-block-buttons is-horizontal is-content-justification-center is-layout-flex wp-container-core-buttons-is-layout-499968f5 wp-block-buttons-is-layout-flex\">\n<div class=\"wp-block-button\"><a class=\"wp-block-button__link wp-element-button\" href=\"\/downloads\/ricaun.AppLoader\/\" target=\"_blank\" rel=\"noreferrer noopener\">Download Trial (15 Days)<\/a><\/div>\n<\/div>\n\n\n\n<ul class=\"wp-block-list\">\n<li><strong>Licen\u00e7a Vital\u00edcia para um Usu\u00e1rio da Autodesk. <\/strong><\/li>\n\n\n\n<li><strong>Update Autom\u00e1tico sem custo. <\/strong><\/li>\n\n\n\n<li><strong>Compatible with Revit versions 2019 to 2027.<\/strong><\/li>\n<\/ul>\n\n\n\n<h2 class=\"wp-block-heading has-text-align-center\">Licen\u00e7a Vital\u00edcia<\/h2>\n\n\n\n<div class=\"wp-block-buttons is-horizontal is-content-justification-center is-layout-flex wp-container-core-buttons-is-layout-499968f5 wp-block-buttons-is-layout-flex\">\n<div class=\"wp-block-button\"><a class=\"wp-block-button__link wp-element-button\" href=\"https:\/\/pay.hotmart.com\/L87658959P?checkoutMode=10\" target=\"_blank\" rel=\"noreferrer noopener\">Comprar<\/a><\/div>\n<\/div>\n\n\n\n<p class=\"has-text-align-center\"><strong><strong>(Licen\u00e7a vital\u00edcia \u00e9 associado a um \u00fanico usu\u00e1rio da Autodesk)<\/strong><\/strong><\/p>\n\n\n\n<h2 class=\"wp-block-heading has-text-align-center\">Ajuda<\/h2>\n\n\n\n<div class=\"wp-block-buttons is-horizontal is-content-justification-center is-layout-flex wp-container-core-buttons-is-layout-499968f5 wp-block-buttons-is-layout-flex\">\n<div class=\"wp-block-button\"><a class=\"wp-block-button__link wp-element-button\" href=\"https:\/\/ricaun.com\/apploader-help\/\" target=\"_blank\" rel=\"noreferrer noopener\">Manual do Usu\u00e1rio<\/a><\/div>\n<\/div>\n\n\n\n<p><\/p>","protected":false},"excerpt":{"rendered":"<p>AppLoader is a plugin for Revit that lets you run commands and applications without having to close and open Revit. AppLoader allows you to create C# plugins in Visual Studio 2022 and connect it with Revit, every update made to the project will be automatically reflected in Revit. Perfect for anyone who wants to develop&hellip;&nbsp;<a href=\"https:\/\/ricaun.com\/br\/apploader\/\" class=\"\" rel=\"bookmark\">Continue a ler &raquo;<span class=\"screen-reader-text\">AppLoader<\/span><\/a><\/p>","protected":false},"author":1,"featured_media":666,"parent":0,"menu_order":0,"comment_status":"closed","ping_status":"closed","template":"","meta":{"neve_meta_sidebar":"full-width","neve_meta_container":"contained","neve_meta_enable_content_width":"on","neve_meta_content_width":70,"neve_meta_title_alignment":"center","neve_meta_author_avatar":"","neve_post_elements_order":"","neve_meta_disable_header":"","neve_meta_disable_footer":"","neve_meta_disable_title":"","_ti_tpc_template_sync":false,"_ti_tpc_template_id":"","footnotes":""},"class_list":["post-665","page","type-page","status-publish","has-post-thumbnail","hentry"],"aioseo_notices":[],"_links":{"self":[{"href":"https:\/\/ricaun.com\/br\/wp-json\/wp\/v2\/pages\/665","targetHints":{"allow":["GET"]}}],"collection":[{"href":"https:\/\/ricaun.com\/br\/wp-json\/wp\/v2\/pages"}],"about":[{"href":"https:\/\/ricaun.com\/br\/wp-json\/wp\/v2\/types\/page"}],"author":[{"embeddable":true,"href":"https:\/\/ricaun.com\/br\/wp-json\/wp\/v2\/users\/1"}],"replies":[{"embeddable":true,"href":"https:\/\/ricaun.com\/br\/wp-json\/wp\/v2\/comments?post=665"}],"version-history":[{"count":8,"href":"https:\/\/ricaun.com\/br\/wp-json\/wp\/v2\/pages\/665\/revisions"}],"predecessor-version":[{"id":1014,"href":"https:\/\/ricaun.com\/br\/wp-json\/wp\/v2\/pages\/665\/revisions\/1014"}],"wp:featuredmedia":[{"embeddable":true,"href":"https:\/\/ricaun.com\/br\/wp-json\/wp\/v2\/media\/666"}],"wp:attachment":[{"href":"https:\/\/ricaun.com\/br\/wp-json\/wp\/v2\/media?parent=665"}],"curies":[{"name":"wp","href":"https:\/\/api.w.org\/{rel}","templated":true}]}}