{"id":475,"date":"2021-11-30T20:28:07","date_gmt":"2021-11-30T23:28:07","guid":{"rendered":"https:\/\/ricaun.com\/?page_id=475"},"modified":"2026-04-10T12:42:07","modified_gmt":"2026-04-10T15:42:07","slug":"electricalutils","status":"publish","type":"page","link":"https:\/\/ricaun.com\/br\/electricalutils\/","title":{"rendered":"ElectricalUtils"},"content":{"rendered":"<div class=\"wp-block-columns is-layout-flex wp-container-core-columns-is-layout-9d6595d7 wp-block-columns-is-layout-flex\">\n<div class=\"wp-block-column is-layout-flow wp-block-column-is-layout-flow\"><div class=\"wp-block-image\">\n<figure class=\"aligncenter size-full is-resized\"><img loading=\"lazy\" decoding=\"async\" width=\"640\" height=\"640\" src=\"https:\/\/ricaun.com\/wp-content\/uploads\/2021\/11\/ElectricalUtils640.png\" alt=\"ElectricalUtils \" class=\"wp-image-477\" style=\"width:320px;height:320px\" srcset=\"https:\/\/ricaun.com\/wp-content\/uploads\/2021\/11\/ElectricalUtils640.png 640w, https:\/\/ricaun.com\/wp-content\/uploads\/2021\/11\/ElectricalUtils640-300x300.png 300w, https:\/\/ricaun.com\/wp-content\/uploads\/2021\/11\/ElectricalUtils640-150x150.png 150w, https:\/\/ricaun.com\/wp-content\/uploads\/2021\/11\/ElectricalUtils640-12x12.png 12w\" sizes=\"auto, (max-width: 640px) 100vw, 640px\" \/><\/figure>\n<\/div><\/div>\n\n\n\n<div class=\"wp-block-column is-vertically-aligned-center is-layout-flow wp-block-column-is-layout-flow\">\n<p><strong>ElectricalUtils \u00e9 um plugin para o Revit com algumas rotinas para facilitar a cria\u00e7\u00e3o de tags em fam\u00edlias com circuitos, sele\u00e7\u00e3o de circuitos e remo\u00e7\u00e3o de circuitos.<\/strong><\/p>\n\n\n\n<p><\/p>\n<\/div>\n<\/div>\n\n\n<\/p>\n<div class=\"nv-iframe-embed\"><iframe loading=\"lazy\" title=\"ElectricalUtils - First Look\" width=\"1200\" height=\"675\" src=\"https:\/\/www.youtube.com\/embed\/_QQ4OradQpI?feature=oembed\" frameborder=\"0\" allow=\"accelerometer; autoplay; clipboard-write; encrypted-media; gyroscope; picture-in-picture\" allowfullscreen><\/iframe><\/div>\n<p><\/p>\n\n\n\n<div class=\"wp-block-buttons is-horizontal is-content-justification-center is-layout-flex wp-container-core-buttons-is-layout-499968f5 wp-block-buttons-is-layout-flex\">\n<div class=\"wp-block-button\"><a class=\"wp-block-button__link wp-element-button\" href=\"\/downloads\/ricaun.ElectricalUtils\/\" target=\"_blank\" rel=\"noreferrer noopener\">Download Free<\/a><\/div>\n<\/div>\n\n\n\n<ul class=\"wp-block-list\">\n<li><strong>Plugin Free para um Usu\u00e1rio da Autodesk. <\/strong><\/li>\n\n\n\n<li><strong>Update Autom\u00e1tico sem custo. <\/strong><\/li>\n\n\n\n<li><strong>Compatible with Revit versions 2019 to 2027.<\/strong><\/li>\n<\/ul>\n\n\n\n<hr class=\"wp-block-separator has-css-opacity\"\/>\n\n\n\n<h2 class=\"wp-block-heading has-text-align-center\">Ajuda<\/h2>\n\n\n\n<div class=\"wp-block-buttons is-horizontal is-content-justification-center is-layout-flex wp-container-core-buttons-is-layout-499968f5 wp-block-buttons-is-layout-flex\">\n<div class=\"wp-block-button\"><a class=\"wp-block-button__link wp-element-button\" href=\"https:\/\/ricaun.com\/electricalutils-help\/\" target=\"_blank\" rel=\"noreferrer noopener\">Manual do Usu\u00e1rio<\/a><\/div>\n\n\n\n<div class=\"wp-block-button\"><a class=\"wp-block-button__link wp-element-button\" href=\"https:\/\/ricaun.com\/wp-content\/uploads\/2021\/12\/ElectricalUtils_2021_Sample.zip\">Sample File<\/a><\/div>\n\n\n\n<div class=\"wp-block-button\"><a class=\"wp-block-button__link wp-element-button\" href=\"https:\/\/ricaun.com\/wp-content\/uploads\/2022\/12\/Tipos_de_Circuito_2021_Shared.zip\">Sample File 2<\/a><\/div>\n<\/div>\n\n\n\n<p><\/p>","protected":false},"excerpt":{"rendered":"<p>ElectricalUtils is a plugin for Revit with some routines to make it easy to create tags in families with circuits, select circuits and remove circuits. Help<\/p>","protected":false},"author":1,"featured_media":0,"parent":0,"menu_order":0,"comment_status":"closed","ping_status":"closed","template":"","meta":{"neve_meta_sidebar":"","neve_meta_container":"contained","neve_meta_enable_content_width":"on","neve_meta_content_width":70,"neve_meta_title_alignment":"center","neve_meta_author_avatar":"","neve_post_elements_order":"","neve_meta_disable_header":"","neve_meta_disable_footer":"","neve_meta_disable_title":"","_ti_tpc_template_sync":false,"_ti_tpc_template_id":"","footnotes":""},"class_list":["post-475","page","type-page","status-publish","hentry"],"aioseo_notices":[],"_links":{"self":[{"href":"https:\/\/ricaun.com\/br\/wp-json\/wp\/v2\/pages\/475","targetHints":{"allow":["GET"]}}],"collection":[{"href":"https:\/\/ricaun.com\/br\/wp-json\/wp\/v2\/pages"}],"about":[{"href":"https:\/\/ricaun.com\/br\/wp-json\/wp\/v2\/types\/page"}],"author":[{"embeddable":true,"href":"https:\/\/ricaun.com\/br\/wp-json\/wp\/v2\/users\/1"}],"replies":[{"embeddable":true,"href":"https:\/\/ricaun.com\/br\/wp-json\/wp\/v2\/comments?post=475"}],"version-history":[{"count":14,"href":"https:\/\/ricaun.com\/br\/wp-json\/wp\/v2\/pages\/475\/revisions"}],"predecessor-version":[{"id":1013,"href":"https:\/\/ricaun.com\/br\/wp-json\/wp\/v2\/pages\/475\/revisions\/1013"}],"wp:attachment":[{"href":"https:\/\/ricaun.com\/br\/wp-json\/wp\/v2\/media?parent=475"}],"curies":[{"name":"wp","href":"https:\/\/api.w.org\/{rel}","templated":true}]}}