{"id":419,"date":"2021-11-22T11:57:45","date_gmt":"2021-11-22T14:57:45","guid":{"rendered":"https:\/\/ricaun.com\/?page_id=419"},"modified":"2026-04-16T20:48:29","modified_gmt":"2026-04-16T23:48:29","slug":"wireinconduit","status":"publish","type":"page","link":"https:\/\/ricaun.com\/br\/wireinconduit\/","title":{"rendered":"WireInConduit"},"content":{"rendered":"<div class=\"wp-block-columns is-layout-flex wp-container-core-columns-is-layout-9d6595d7 wp-block-columns-is-layout-flex\">\n<div class=\"wp-block-column is-layout-flow wp-block-column-is-layout-flow\"><div class=\"wp-block-image\">\n<figure class=\"aligncenter size-full is-resized\"><img loading=\"lazy\" decoding=\"async\" width=\"640\" height=\"640\" src=\"https:\/\/ricaun.com\/wp-content\/uploads\/2021\/08\/WireInConduit640.png\" alt=\"WireInConduit\" class=\"wp-image-89\" style=\"width:320px;height:320px\" srcset=\"https:\/\/ricaun.com\/wp-content\/uploads\/2021\/08\/WireInConduit640.png 640w, https:\/\/ricaun.com\/wp-content\/uploads\/2021\/08\/WireInConduit640-300x300.png 300w, https:\/\/ricaun.com\/wp-content\/uploads\/2021\/08\/WireInConduit640-150x150.png 150w\" sizes=\"auto, (max-width: 640px) 100vw, 640px\" \/><\/figure>\n<\/div><\/div>\n\n\n\n<div class=\"wp-block-column is-vertically-aligned-center is-layout-flow wp-block-column-is-layout-flow\">\n<p><strong>WireInConduit \u00e9 um plugin que facilita a cria\u00e7\u00e3o de anota\u00e7\u00f5es de fia\u00e7\u00e3o, utilizando os circuitos el\u00e9tricos para fazer o lan\u00e7amento de fia\u00e7\u00e3o nos condu\u00edtes e bandejas de cabos.<\/strong><\/p>\n\n\n\n<p><strong>Al\u00e9m disso, realiza o quantitativo dos cabos automaticamente e configura cada tipo de fia\u00e7\u00e3o, com descri\u00e7\u00e3o do tipo de cabo e comportamento, conforme necessidade do usu\u00e1rio, sem a necessidade de uso de template padr\u00e3o.<\/strong><\/p>\n<\/div>\n<\/div>\n\n\n<\/p>\n<div class=\"nv-iframe-embed\"><iframe loading=\"lazy\" title=\"WireInConduit - Fia\u00e7\u00e3o Autom\u00e1tica - Tutorial\" width=\"1200\" height=\"675\" src=\"https:\/\/www.youtube.com\/embed\/TZ1lFIfWTbY?feature=oembed\" frameborder=\"0\" allow=\"accelerometer; autoplay; clipboard-write; encrypted-media; gyroscope; picture-in-picture; web-share\" allowfullscreen><\/iframe><\/div>\n<p><\/p>\n\n\n\n<div class=\"wp-block-buttons is-horizontal is-content-justification-center is-layout-flex wp-container-core-buttons-is-layout-499968f5 wp-block-buttons-is-layout-flex\">\n<div class=\"wp-block-button\"><a class=\"wp-block-button__link wp-element-button\" href=\"\/downloads\/ricaun.WireInConduit\/\" target=\"_blank\" rel=\"noreferrer noopener\">Download Trial (15 Days)<\/a><\/div>\n\n\n\n<div class=\"wp-block-button\"><a class=\"wp-block-button__link wp-element-button\" href=\"\/downloads\/ricaun.WireInConduit\/\" target=\"_blank\" rel=\"noreferrer noopener\">Download Full Version<\/a><\/div>\n<\/div>\n\n\n\n<ul class=\"wp-block-list\">\n<li><strong>Licen\u00e7a Vital\u00edcia para um Usu\u00e1rio da Autodesk. <\/strong><\/li>\n\n\n\n<li><strong>Update Autom\u00e1tico sem custo. <\/strong><\/li>\n\n\n\n<li><strong>Suporte T\u00e9cnico por 3 meses. <\/strong><\/li>\n\n\n\n<li><strong>Compatible with Revit versions 2019 to 2027.<\/strong><\/li>\n<\/ul>\n\n\n\n<hr class=\"wp-block-separator has-css-opacity\"\/>\n\n\n\n<h2 class=\"wp-block-heading has-text-align-center\">Licen\u00e7a Vital\u00edcia<\/h2>\n\n\n\n<div class=\"wp-block-buttons is-horizontal is-content-justification-center is-layout-flex wp-container-core-buttons-is-layout-499968f5 wp-block-buttons-is-layout-flex\">\n<div class=\"wp-block-button\"><a class=\"wp-block-button__link wp-element-button\" href=\"https:\/\/pay.hotmart.com\/H42512483M?checkoutMode=10\" target=\"_blank\" rel=\"noreferrer noopener\">Comprar<\/a><\/div>\n<\/div>\n\n\n\n<p class=\"has-text-align-center\"><strong><strong>(Licen\u00e7a vital\u00edcia \u00e9 associado a um \u00fanico usu\u00e1rio da Autodesk)<\/strong><\/strong><\/p>\n\n\n\n<hr class=\"wp-block-separator has-css-opacity\"\/>\n\n\n\n<h2 class=\"wp-block-heading has-text-align-center\">Ajuda<\/h2>\n\n\n\n<div class=\"wp-block-buttons is-horizontal is-content-justification-center is-layout-flex wp-container-core-buttons-is-layout-499968f5 wp-block-buttons-is-layout-flex\">\n<div class=\"wp-block-button\"><a class=\"wp-block-button__link wp-element-button\" href=\"https:\/\/ricaun.com\/wireinconduit-help\/\" target=\"_blank\" rel=\"noreferrer noopener\">Manual do Usu\u00e1rio<\/a><\/div>\n\n\n\n<div class=\"wp-block-button\"><a class=\"wp-block-button__link wp-element-button\" href=\"https:\/\/ricaun.com\/wp-content\/uploads\/2022\/04\/WireInConduit_2018_Sample.zip\">Sample File<\/a><\/div>\n<\/div>\n\n\n\n<p><\/p>","protected":false},"excerpt":{"rendered":"<p>WireInConduit is a plugin for Autodesk Revit, this tool facilitates the creation of wiring annotation using the electrical circuits to launch wiring in conduits and cable tray. In addition, it performs the quantity of cables automatically and configures each type of wiring, with a description of the type of cable and behavior, as required by&hellip;&nbsp;<a href=\"https:\/\/ricaun.com\/br\/wireinconduit\/\" class=\"\" rel=\"bookmark\">Continue a ler &raquo;<span class=\"screen-reader-text\">WireInConduit<\/span><\/a><\/p>","protected":false},"author":1,"featured_media":89,"parent":0,"menu_order":0,"comment_status":"closed","ping_status":"closed","template":"","meta":{"neve_meta_sidebar":"full-width","neve_meta_container":"contained","neve_meta_enable_content_width":"on","neve_meta_content_width":70,"neve_meta_title_alignment":"center","neve_meta_author_avatar":"","neve_post_elements_order":"","neve_meta_disable_header":"","neve_meta_disable_footer":"","neve_meta_disable_title":"","_ti_tpc_template_sync":false,"_ti_tpc_template_id":"","footnotes":""},"class_list":["post-419","page","type-page","status-publish","has-post-thumbnail","hentry"],"aioseo_notices":[],"_links":{"self":[{"href":"https:\/\/ricaun.com\/br\/wp-json\/wp\/v2\/pages\/419","targetHints":{"allow":["GET"]}}],"collection":[{"href":"https:\/\/ricaun.com\/br\/wp-json\/wp\/v2\/pages"}],"about":[{"href":"https:\/\/ricaun.com\/br\/wp-json\/wp\/v2\/types\/page"}],"author":[{"embeddable":true,"href":"https:\/\/ricaun.com\/br\/wp-json\/wp\/v2\/users\/1"}],"replies":[{"embeddable":true,"href":"https:\/\/ricaun.com\/br\/wp-json\/wp\/v2\/comments?post=419"}],"version-history":[{"count":20,"href":"https:\/\/ricaun.com\/br\/wp-json\/wp\/v2\/pages\/419\/revisions"}],"predecessor-version":[{"id":1022,"href":"https:\/\/ricaun.com\/br\/wp-json\/wp\/v2\/pages\/419\/revisions\/1022"}],"wp:featuredmedia":[{"embeddable":true,"href":"https:\/\/ricaun.com\/br\/wp-json\/wp\/v2\/media\/89"}],"wp:attachment":[{"href":"https:\/\/ricaun.com\/br\/wp-json\/wp\/v2\/media?parent=419"}],"curies":[{"name":"wp","href":"https:\/\/api.w.org\/{rel}","templated":true}]}}