{"id":405,"date":"2021-11-22T11:33:21","date_gmt":"2021-11-22T14:33:21","guid":{"rendered":"https:\/\/ricaun.com\/?page_id=405"},"modified":"2026-04-10T12:42:56","modified_gmt":"2026-04-10T15:42:56","slug":"easyconduit","status":"publish","type":"page","link":"https:\/\/ricaun.com\/br\/easyconduit\/","title":{"rendered":"EasyConduit"},"content":{"rendered":"<div class=\"wp-block-columns is-layout-flex wp-container-core-columns-is-layout-9d6595d7 wp-block-columns-is-layout-flex\">\n<div class=\"wp-block-column is-layout-flow wp-block-column-is-layout-flow\"><div class=\"wp-block-image\">\n<figure class=\"aligncenter size-full is-resized\"><img loading=\"lazy\" decoding=\"async\" width=\"640\" height=\"640\" src=\"https:\/\/ricaun.com\/wp-content\/uploads\/2021\/08\/EasyConduit640.png\" alt=\"EasyConduit\" class=\"wp-image-88\" style=\"width:320px;height:320px\" srcset=\"https:\/\/ricaun.com\/wp-content\/uploads\/2021\/08\/EasyConduit640.png 640w, https:\/\/ricaun.com\/wp-content\/uploads\/2021\/08\/EasyConduit640-300x300.png 300w, https:\/\/ricaun.com\/wp-content\/uploads\/2021\/08\/EasyConduit640-150x150.png 150w\" sizes=\"auto, (max-width: 640px) 100vw, 640px\" \/><\/figure>\n<\/div><\/div>\n\n\n\n<div class=\"wp-block-column is-vertically-aligned-center is-layout-flow wp-block-column-is-layout-flow\">\n<p><strong>EasyConduit \u00e9 um plugin para Autodesk Revit, que facilita a cria\u00e7\u00e3o de condu\u00edtes entre fam\u00edlias que possuem conectores de condu\u00edte. <\/strong><\/p>\n\n\n\n<p><strong><strong>Com um \u00fanico comando \u00e9 poss\u00edvel conectar diversos elementos, criando condu\u00edtes que interligam os elementos selecionados.<\/strong><\/strong><\/p>\n<\/div>\n<\/div>\n\n\n<\/p>\n<div class=\"nv-iframe-embed\"><iframe loading=\"lazy\" title=\"N\u00e3o perca mais tempo modelando eletroduto no Revit! -  Plugin EasyConduit\" width=\"1200\" height=\"675\" src=\"https:\/\/www.youtube.com\/embed\/23UQZyMvsRg?feature=oembed\" frameborder=\"0\" allow=\"accelerometer; autoplay; clipboard-write; encrypted-media; gyroscope; picture-in-picture; web-share\" referrerpolicy=\"strict-origin-when-cross-origin\" allowfullscreen><\/iframe><\/div>\n<p><\/p>\n\n\n\n<div class=\"wp-block-group is-content-justification-center is-nowrap is-layout-flex wp-container-core-group-is-layout-94bc23d7 wp-block-group-is-layout-flex\">\n<div class=\"wp-block-buttons is-horizontal is-content-justification-center is-layout-flex wp-container-core-buttons-is-layout-499968f5 wp-block-buttons-is-layout-flex\">\n<div class=\"wp-block-button\"><a class=\"wp-block-button__link wp-element-button\" href=\"\/downloads\/ricaun.EasyConduit\/\" target=\"_blank\" rel=\"noreferrer noopener\">Download Trial (15 Days)<\/a><\/div>\n<\/div>\n\n\n\n<div class=\"wp-block-buttons is-horizontal is-content-justification-center is-layout-flex wp-container-core-buttons-is-layout-499968f5 wp-block-buttons-is-layout-flex\">\n<div class=\"wp-block-button\"><a class=\"wp-block-button__link wp-element-button\" href=\"\/downloads\/ricaun.EasyConduit\/\" target=\"_blank\" rel=\"noreferrer noopener\">Download Full Version<\/a><\/div>\n<\/div>\n<\/div>\n\n\n\n<ul class=\"wp-block-list\">\n<li><strong>Licen\u00e7a Vital\u00edcia para um Usu\u00e1rio da Autodesk. <\/strong><\/li>\n\n\n\n<li><strong>Update Autom\u00e1tico sem custo. <\/strong><\/li>\n\n\n\n<li><strong>Suporte T\u00e9cnico por 3 meses. <\/strong><\/li>\n\n\n\n<li><strong>Compatible with Revit versions 2019 to 2027.<\/strong><\/li>\n<\/ul>\n\n\n\n<h2 class=\"wp-block-heading has-text-align-center\">Licen\u00e7a Vital\u00edcia<\/h2>\n\n\n\n<div class=\"wp-block-buttons is-horizontal is-content-justification-center is-layout-flex wp-container-core-buttons-is-layout-499968f5 wp-block-buttons-is-layout-flex\">\n<div class=\"wp-block-button\"><a class=\"wp-block-button__link wp-element-button\" href=\"https:\/\/pay.hotmart.com\/S42290638D?checkoutMode=10\" target=\"_blank\" rel=\"noreferrer noopener\">Comprar<\/a><\/div>\n<\/div>\n\n\n\n<p class=\"has-text-align-center\"><strong><strong>(Licen\u00e7a vital\u00edcia \u00e9 associado a um \u00fanico usu\u00e1rio da Autodesk)<\/strong><\/strong><\/p>\n\n\n\n<h2 class=\"wp-block-heading has-text-align-center\">Ajuda<\/h2>\n\n\n\n<div class=\"wp-block-buttons is-horizontal is-content-justification-center is-layout-flex wp-container-core-buttons-is-layout-499968f5 wp-block-buttons-is-layout-flex\">\n<div class=\"wp-block-button\"><a class=\"wp-block-button__link wp-element-button\" href=\"https:\/\/ricaun.com\/easyconduit-help\/\" target=\"_blank\" rel=\"noreferrer noopener\">Manual do Usu\u00e1rio<\/a><\/div>\n\n\n\n<div class=\"wp-block-button\"><a class=\"wp-block-button__link wp-element-button\" href=\"https:\/\/ricaun.com\/wp-content\/uploads\/2021\/11\/EasyConduit_File_Sample.zip\">Sample File<\/a><\/div>\n<\/div>\n\n\n\n<p><\/p>","protected":false},"excerpt":{"rendered":"<p>EasyConduit is a plugin for Revit MEP, this tool facilitates the creation of conduits between families that have conduit connectors. A single command can connect several elements, creating conduits that interconnect the selected elements. Lifetime License (Lifetime license is associated with a single Autodesk user) Help<\/p>","protected":false},"author":1,"featured_media":88,"parent":0,"menu_order":0,"comment_status":"closed","ping_status":"closed","template":"","meta":{"neve_meta_sidebar":"full-width","neve_meta_container":"contained","neve_meta_enable_content_width":"on","neve_meta_content_width":70,"neve_meta_title_alignment":"center","neve_meta_author_avatar":"","neve_post_elements_order":"","neve_meta_disable_header":"","neve_meta_disable_footer":"","neve_meta_disable_title":"","_ti_tpc_template_sync":false,"_ti_tpc_template_id":"","footnotes":""},"class_list":["post-405","page","type-page","status-publish","has-post-thumbnail","hentry"],"aioseo_notices":[],"_links":{"self":[{"href":"https:\/\/ricaun.com\/br\/wp-json\/wp\/v2\/pages\/405","targetHints":{"allow":["GET"]}}],"collection":[{"href":"https:\/\/ricaun.com\/br\/wp-json\/wp\/v2\/pages"}],"about":[{"href":"https:\/\/ricaun.com\/br\/wp-json\/wp\/v2\/types\/page"}],"author":[{"embeddable":true,"href":"https:\/\/ricaun.com\/br\/wp-json\/wp\/v2\/users\/1"}],"replies":[{"embeddable":true,"href":"https:\/\/ricaun.com\/br\/wp-json\/wp\/v2\/comments?post=405"}],"version-history":[{"count":13,"href":"https:\/\/ricaun.com\/br\/wp-json\/wp\/v2\/pages\/405\/revisions"}],"predecessor-version":[{"id":1016,"href":"https:\/\/ricaun.com\/br\/wp-json\/wp\/v2\/pages\/405\/revisions\/1016"}],"wp:featuredmedia":[{"embeddable":true,"href":"https:\/\/ricaun.com\/br\/wp-json\/wp\/v2\/media\/88"}],"wp:attachment":[{"href":"https:\/\/ricaun.com\/br\/wp-json\/wp\/v2\/media?parent=405"}],"curies":[{"name":"wp","href":"https:\/\/api.w.org\/{rel}","templated":true}]}}