{"id":383,"date":"2021-11-19T21:35:24","date_gmt":"2021-11-20T00:35:24","guid":{"rendered":"https:\/\/ricaun.com\/?page_id=383"},"modified":"2025-05-02T15:01:55","modified_gmt":"2025-05-02T18:01:55","slug":"conduitmaterial","status":"publish","type":"page","link":"https:\/\/ricaun.com\/br\/conduitmaterial\/","title":{"rendered":"ConduitMaterial"},"content":{"rendered":"<div class=\"wp-block-columns is-layout-flex wp-container-core-columns-is-layout-9d6595d7 wp-block-columns-is-layout-flex\">\n<div class=\"wp-block-column is-layout-flow wp-block-column-is-layout-flow\"><div class=\"wp-block-image\">\n<figure class=\"aligncenter size-full is-resized\"><img loading=\"lazy\" decoding=\"async\" width=\"640\" height=\"640\" src=\"https:\/\/ricaun.com\/wp-content\/uploads\/2021\/08\/ConduitMaterial640.png\" alt=\"ConduitMaterial\" class=\"wp-image-90\" style=\"width:320px;height:320px\" srcset=\"https:\/\/ricaun.com\/wp-content\/uploads\/2021\/08\/ConduitMaterial640.png 640w, https:\/\/ricaun.com\/wp-content\/uploads\/2021\/08\/ConduitMaterial640-300x300.png 300w, https:\/\/ricaun.com\/wp-content\/uploads\/2021\/08\/ConduitMaterial640-150x150.png 150w\" sizes=\"auto, (max-width: 640px) 100vw, 640px\" \/><\/figure>\n<\/div><\/div>\n\n\n\n<div class=\"wp-block-column is-vertically-aligned-center is-layout-flow wp-block-column-is-layout-flow\">\n<p><strong>ConduitMaterial \u00e9 um plugin para Revit MEP, esta ferramenta facilita a modifica\u00e7\u00e3o do material em eletrodutos (Conduit) e bandeja de cabos (Cable Tray), permitindo modificar o material de cada elemento conforme configurado nas propriedades do tipo no par\u00e2metro compartilhado \u2018Material\u2019.<\/strong><\/p>\n\n\n\n<p><strong>Cada vez que voc\u00ea cria um condu\u00edte ou uma bandeja de cabos, o plugin aplica o material automaticamente.<\/strong>.<\/p>\n<\/div>\n<\/div>\n\n\n<\/p>\n<div class=\"nv-iframe-embed\"><iframe loading=\"lazy\" title=\"ConduitMaterial - Plugin\" width=\"1200\" height=\"675\" src=\"https:\/\/www.youtube.com\/embed\/JmcjvCB9d2E?feature=oembed\" frameborder=\"0\" allow=\"accelerometer; autoplay; clipboard-write; encrypted-media; gyroscope; picture-in-picture\" allowfullscreen><\/iframe><\/div>\n<p><\/p>\n\n\n\n<div class=\"wp-block-buttons is-horizontal is-content-justification-center is-layout-flex wp-container-core-buttons-is-layout-499968f5 wp-block-buttons-is-layout-flex\">\n<div class=\"wp-block-button\"><a class=\"wp-block-button__link wp-element-button\" href=\"\/downloads\/ricaun.ConduitMaterial\/\" target=\"_blank\" rel=\"noreferrer noopener\">Download Free<\/a><\/div>\n<\/div>\n\n\n\n<ul class=\"wp-block-list\">\n<li><strong>Plugin Free para um Usu\u00e1rio da Autodesk. <\/strong><\/li>\n\n\n\n<li><strong>Update Autom\u00e1tico sem custo. <\/strong><\/li>\n\n\n\n<li><strong>Compatible with Revit versions 2019 to 2025.<\/strong><\/li>\n<\/ul>\n\n\n\n<h2 class=\"wp-block-heading has-text-align-center\">Ajuda<\/h2>\n\n\n\n<div class=\"wp-block-buttons is-horizontal is-content-justification-center is-layout-flex wp-container-core-buttons-is-layout-499968f5 wp-block-buttons-is-layout-flex\">\n<div class=\"wp-block-button\"><a class=\"wp-block-button__link wp-element-button\" href=\"https:\/\/ricaun.com\/conduitmaterial-help\/\" target=\"_blank\" rel=\"noreferrer noopener\">Manual do Usu\u00e1rio<\/a><\/div>\n\n\n\n<div class=\"wp-block-button\"><a class=\"wp-block-button__link wp-element-button\" href=\"https:\/\/ricaun.com\/wp-content\/uploads\/2021\/11\/ConduitMaterial_File_Sample.zip\" target=\"_blank\" rel=\"noreferrer noopener\">Sample File<\/a><\/div>\n<\/div>\n\n\n\n<p><\/p>","protected":false},"excerpt":{"rendered":"<p>ConduitMaterial is a plugin for Revit MEP, this tool facilitates the modification of the material in Conduits and Cable Trays, allowing the modification of material of each element as configured in the type properties in the configured parameter &#8216;Material&#8217;. Every time you create a Conduit or a Cable Tray the plugin applies the material automatically.&hellip;&nbsp;<a href=\"https:\/\/ricaun.com\/br\/conduitmaterial\/\" class=\"\" rel=\"bookmark\">Continue a ler &raquo;<span class=\"screen-reader-text\">ConduitMaterial<\/span><\/a><\/p>","protected":false},"author":1,"featured_media":90,"parent":0,"menu_order":0,"comment_status":"closed","ping_status":"closed","template":"","meta":{"neve_meta_sidebar":"full-width","neve_meta_container":"contained","neve_meta_enable_content_width":"on","neve_meta_content_width":70,"neve_meta_title_alignment":"center","neve_meta_author_avatar":"","neve_post_elements_order":"","neve_meta_disable_header":"","neve_meta_disable_footer":"","neve_meta_disable_title":"","_ti_tpc_template_sync":false,"_ti_tpc_template_id":"","footnotes":""},"class_list":["post-383","page","type-page","status-publish","has-post-thumbnail","hentry"],"aioseo_notices":[],"_links":{"self":[{"href":"https:\/\/ricaun.com\/br\/wp-json\/wp\/v2\/pages\/383","targetHints":{"allow":["GET"]}}],"collection":[{"href":"https:\/\/ricaun.com\/br\/wp-json\/wp\/v2\/pages"}],"about":[{"href":"https:\/\/ricaun.com\/br\/wp-json\/wp\/v2\/types\/page"}],"author":[{"embeddable":true,"href":"https:\/\/ricaun.com\/br\/wp-json\/wp\/v2\/users\/1"}],"replies":[{"embeddable":true,"href":"https:\/\/ricaun.com\/br\/wp-json\/wp\/v2\/comments?post=383"}],"version-history":[{"count":15,"href":"https:\/\/ricaun.com\/br\/wp-json\/wp\/v2\/pages\/383\/revisions"}],"predecessor-version":[{"id":988,"href":"https:\/\/ricaun.com\/br\/wp-json\/wp\/v2\/pages\/383\/revisions\/988"}],"wp:featuredmedia":[{"embeddable":true,"href":"https:\/\/ricaun.com\/br\/wp-json\/wp\/v2\/media\/90"}],"wp:attachment":[{"href":"https:\/\/ricaun.com\/br\/wp-json\/wp\/v2\/media?parent=383"}],"curies":[{"name":"wp","href":"https:\/\/api.w.org\/{rel}","templated":true}]}}