{"id":33,"date":"2021-08-28T15:56:40","date_gmt":"2021-08-28T18:56:40","guid":{"rendered":"https:\/\/ricaun.com\/?page_id=33"},"modified":"2022-10-14T09:34:55","modified_gmt":"2022-10-14T12:34:55","slug":"principal","status":"publish","type":"page","link":"https:\/\/ricaun.com\/br\/","title":{"rendered":"Home"},"content":{"rendered":"<div class=\"wp-block-cover alignfull\" style=\"min-height:600px;aspect-ratio:unset;\"><span aria-hidden=\"true\" class=\"wp-block-cover__background has-background-dim-100 has-background-dim\" style=\"background-color:#000000\"><\/span><div class=\"wp-block-cover__inner-container is-layout-flow wp-block-cover-is-layout-flow\"><div class=\"wp-block-image\">\n<figure class=\"aligncenter size-large is-resized\"><img loading=\"lazy\" decoding=\"async\" src=\"https:\/\/ricaun.com\/wp-content\/uploads\/2022\/05\/ricaun-black-margin-big-1024x304.png\" alt=\"\" class=\"wp-image-603\" width=\"512\" height=\"152\" srcset=\"https:\/\/ricaun.com\/wp-content\/uploads\/2022\/05\/ricaun-black-margin-big-1024x304.png 1024w, https:\/\/ricaun.com\/wp-content\/uploads\/2022\/05\/ricaun-black-margin-big-300x89.png 300w, https:\/\/ricaun.com\/wp-content\/uploads\/2022\/05\/ricaun-black-margin-big-768x228.png 768w, https:\/\/ricaun.com\/wp-content\/uploads\/2022\/05\/ricaun-black-margin-big-1536x457.png 1536w, https:\/\/ricaun.com\/wp-content\/uploads\/2022\/05\/ricaun-black-margin-big-18x5.png 18w, https:\/\/ricaun.com\/wp-content\/uploads\/2022\/05\/ricaun-black-margin-big.png 1675w\" sizes=\"auto, (max-width: 512px) 100vw, 512px\" \/><\/figure>\n<\/div><\/div><\/div>\n\n\n\n<div class=\"wp-block-cover aligncenter\" style=\"min-height:430px;aspect-ratio:unset;\"><span aria-hidden=\"true\" class=\"wp-block-cover__background has-nv-site-bg-background-color has-background-dim-100 has-background-dim\"><\/span><div class=\"wp-block-cover__inner-container is-layout-flow wp-block-cover-is-layout-flow\">\n<h2 class=\"wp-block-heading has-text-align-center\"><mark style=\"background-color:rgba(0, 0, 0, 0)\" class=\"has-inline-color has-neve-link-color-color\">Revit Electrical <strong>Plugins<\/strong><\/mark><\/h2>\n\n\n\n<div class=\"wp-block-columns is-layout-flex wp-container-core-columns-is-layout-9d6595d7 wp-block-columns-is-layout-flex\">\n<div class=\"wp-block-column is-layout-flow wp-block-column-is-layout-flow\">\n<figure class=\"wp-block-image size-full\"><a href=\"https:\/\/ricaun.com\/easyconduit\/\"><img loading=\"lazy\" decoding=\"async\" width=\"640\" height=\"640\" src=\"https:\/\/ricaun.com\/wp-content\/uploads\/2021\/08\/EasyConduit640.png\" alt=\"\" class=\"wp-image-88\" srcset=\"https:\/\/ricaun.com\/wp-content\/uploads\/2021\/08\/EasyConduit640.png 640w, https:\/\/ricaun.com\/wp-content\/uploads\/2021\/08\/EasyConduit640-300x300.png 300w, https:\/\/ricaun.com\/wp-content\/uploads\/2021\/08\/EasyConduit640-150x150.png 150w\" sizes=\"auto, (max-width: 640px) 100vw, 640px\" \/><\/a><\/figure>\n<\/div>\n\n\n\n<div class=\"wp-block-column is-layout-flow wp-block-column-is-layout-flow\">\n<figure class=\"wp-block-image size-full\"><a href=\"https:\/\/ricaun.com\/wireinconduit\/\"><img loading=\"lazy\" decoding=\"async\" width=\"640\" height=\"640\" src=\"https:\/\/ricaun.com\/wp-content\/uploads\/2021\/08\/WireInConduit640.png\" alt=\"\" class=\"wp-image-89\" srcset=\"https:\/\/ricaun.com\/wp-content\/uploads\/2021\/08\/WireInConduit640.png 640w, https:\/\/ricaun.com\/wp-content\/uploads\/2021\/08\/WireInConduit640-300x300.png 300w, https:\/\/ricaun.com\/wp-content\/uploads\/2021\/08\/WireInConduit640-150x150.png 150w\" sizes=\"auto, (max-width: 640px) 100vw, 640px\" \/><\/a><\/figure>\n<\/div>\n\n\n\n<div class=\"wp-block-column is-layout-flow wp-block-column-is-layout-flow\">\n<figure class=\"wp-block-image size-full\"><a href=\"https:\/\/ricaun.com\/circuitname\/\"><img loading=\"lazy\" decoding=\"async\" width=\"640\" height=\"640\" src=\"https:\/\/ricaun.com\/wp-content\/uploads\/2022\/01\/CircuitName640.png\" alt=\"CircuitName\" class=\"wp-image-522\" srcset=\"https:\/\/ricaun.com\/wp-content\/uploads\/2022\/01\/CircuitName640.png 640w, https:\/\/ricaun.com\/wp-content\/uploads\/2022\/01\/CircuitName640-300x300.png 300w, https:\/\/ricaun.com\/wp-content\/uploads\/2022\/01\/CircuitName640-150x150.png 150w, https:\/\/ricaun.com\/wp-content\/uploads\/2022\/01\/CircuitName640-12x12.png 12w\" sizes=\"auto, (max-width: 640px) 100vw, 640px\" \/><\/a><\/figure>\n<\/div>\n<\/div>\n\n\n\n<div class=\"wp-block-columns is-layout-flex wp-container-core-columns-is-layout-9d6595d7 wp-block-columns-is-layout-flex\">\n<div class=\"wp-block-column is-layout-flow wp-block-column-is-layout-flow\">\n<figure class=\"wp-block-image size-full\"><a href=\"https:\/\/ricaun.com\/conduitmaterial\/\"><img loading=\"lazy\" decoding=\"async\" width=\"640\" height=\"640\" src=\"https:\/\/ricaun.com\/wp-content\/uploads\/2021\/08\/ConduitMaterial640.png\" alt=\"\" class=\"wp-image-90\" srcset=\"https:\/\/ricaun.com\/wp-content\/uploads\/2021\/08\/ConduitMaterial640.png 640w, https:\/\/ricaun.com\/wp-content\/uploads\/2021\/08\/ConduitMaterial640-300x300.png 300w, https:\/\/ricaun.com\/wp-content\/uploads\/2021\/08\/ConduitMaterial640-150x150.png 150w\" sizes=\"auto, (max-width: 640px) 100vw, 640px\" \/><\/a><\/figure>\n<\/div>\n\n\n\n<div class=\"wp-block-column is-layout-flow wp-block-column-is-layout-flow\">\n<figure class=\"wp-block-image size-full\"><a href=\"https:\/\/ricaun.com\/electricalutils\/\"><img loading=\"lazy\" decoding=\"async\" width=\"640\" height=\"640\" src=\"https:\/\/ricaun.com\/wp-content\/uploads\/2021\/11\/ElectricalUtils640.png\" alt=\"ElectricalUtils\" class=\"wp-image-477\" srcset=\"https:\/\/ricaun.com\/wp-content\/uploads\/2021\/11\/ElectricalUtils640.png 640w, https:\/\/ricaun.com\/wp-content\/uploads\/2021\/11\/ElectricalUtils640-300x300.png 300w, https:\/\/ricaun.com\/wp-content\/uploads\/2021\/11\/ElectricalUtils640-150x150.png 150w, https:\/\/ricaun.com\/wp-content\/uploads\/2021\/11\/ElectricalUtils640-12x12.png 12w\" sizes=\"auto, (max-width: 640px) 100vw, 640px\" \/><\/a><\/figure>\n\n\n\n<p><\/p>\n<\/div>\n\n\n\n<div class=\"wp-block-column is-layout-flow wp-block-column-is-layout-flow\"><\/div>\n<\/div>\n\n\n\n<h2 class=\"wp-block-heading has-text-align-center\"><mark style=\"background-color:rgba(0, 0, 0, 0)\" class=\"has-inline-color has-neve-link-color-color\">Revit Developer <strong>Plugins<\/strong><\/mark><\/h2>\n\n\n\n<div class=\"wp-block-columns is-layout-flex wp-container-core-columns-is-layout-9d6595d7 wp-block-columns-is-layout-flex\">\n<div class=\"wp-block-column is-layout-flow wp-block-column-is-layout-flow\">\n<figure class=\"wp-block-image size-full\"><a href=\"https:\/\/ricaun.com\/apploader\/\"><img loading=\"lazy\" decoding=\"async\" width=\"640\" height=\"640\" src=\"https:\/\/ricaun.com\/wp-content\/uploads\/2022\/09\/AppLoader640.png\" alt=\"AppLoader\" class=\"wp-image-666\" srcset=\"https:\/\/ricaun.com\/wp-content\/uploads\/2022\/09\/AppLoader640.png 640w, https:\/\/ricaun.com\/wp-content\/uploads\/2022\/09\/AppLoader640-300x300.png 300w, https:\/\/ricaun.com\/wp-content\/uploads\/2022\/09\/AppLoader640-150x150.png 150w, https:\/\/ricaun.com\/wp-content\/uploads\/2022\/09\/AppLoader640-12x12.png 12w\" sizes=\"auto, (max-width: 640px) 100vw, 640px\" \/><\/a><\/figure>\n<\/div>\n\n\n\n<div class=\"wp-block-column is-layout-flow wp-block-column-is-layout-flow\">\n<figure class=\"wp-block-image size-full\"><a href=\"https:\/\/ricaun.com\/RevitTest\/\"><img loading=\"lazy\" decoding=\"async\" width=\"480\" height=\"480\" src=\"https:\/\/ricaun.com\/wp-content\/uploads\/2024\/01\/RevitTest480.png\" alt=\"\" class=\"wp-image-910\" srcset=\"https:\/\/ricaun.com\/wp-content\/uploads\/2024\/01\/RevitTest480.png 480w, https:\/\/ricaun.com\/wp-content\/uploads\/2024\/01\/RevitTest480-300x300.png 300w, https:\/\/ricaun.com\/wp-content\/uploads\/2024\/01\/RevitTest480-150x150.png 150w, https:\/\/ricaun.com\/wp-content\/uploads\/2024\/01\/RevitTest480-12x12.png 12w\" sizes=\"auto, (max-width: 480px) 100vw, 480px\" \/><\/a><\/figure>\n<\/div>\n\n\n\n<div class=\"wp-block-column is-layout-flow wp-block-column-is-layout-flow\"><\/div>\n<\/div>\n<\/div><\/div>\n\n\n\n<div class=\"wp-block-cover alignfull\"><span aria-hidden=\"true\" class=\"has-nv-dark-bg-background-color has-background-dim-100 wp-block-cover__gradient-background has-background-dim\"><\/span><div class=\"wp-block-cover__inner-container is-layout-flow wp-block-cover-is-layout-flow\">\n<div class=\"wp-block-columns alignwide are-vertically-aligned-center has-nv-dark-bg-background-color has-background is-layout-flex wp-container-core-columns-is-layout-9d6595d7 wp-block-columns-is-layout-flex\">\n<div class=\"wp-block-column is-layout-flow wp-block-column-is-layout-flow\"><\/div>\n\n\n\n<div class=\"wp-block-column is-vertically-aligned-center is-layout-flow wp-block-column-is-layout-flow\" style=\"flex-basis:400px\">\n<h2 class=\"has-text-align-center wp-block-heading\"><mark style=\"background-color:rgba(0, 0, 0, 0)\" class=\"has-inline-color has-nv-text-dark-bg-color\">Sobre<\/mark><\/h2>\n\n\n\n<div class=\"wp-block-image is-style-rounded\"><figure class=\"aligncenter size-full is-resized\"><img loading=\"lazy\" decoding=\"async\" src=\"https:\/\/ricaun.com\/wp-content\/uploads\/2021\/09\/profile.jpg\" alt=\"\" class=\"wp-image-122\" width=\"320\" height=\"320\" srcset=\"https:\/\/ricaun.com\/wp-content\/uploads\/2021\/09\/profile.jpg 938w, https:\/\/ricaun.com\/wp-content\/uploads\/2021\/09\/profile-300x300.jpg 300w, https:\/\/ricaun.com\/wp-content\/uploads\/2021\/09\/profile-150x150.jpg 150w, https:\/\/ricaun.com\/wp-content\/uploads\/2021\/09\/profile-768x769.jpg 768w\" sizes=\"auto, (max-width: 320px) 100vw, 320px\" \/><\/figure><\/div>\n\n\n\n<h3 class=\"has-text-align-center wp-block-heading\"><mark style=\"background-color:rgba(0, 0, 0, 0)\" class=\"has-inline-color has-nv-text-dark-bg-color\">Luiz Henrique Cassettari<\/mark><\/h3>\n\n\n\n<p class=\"has-text-align-center\"><mark style=\"background-color:rgba(0, 0, 0, 0)\" class=\"has-inline-color has-nv-text-dark-bg-color\">Engenheiro el\u00e9trico, programador, inventor e louco por algoritmos, jogos, eletr\u00f4nica, tecnologia, m\u00fasica, inova\u00e7\u00e3o and stuff.<\/mark><\/p>\n<\/div>\n\n\n\n<div class=\"wp-block-column is-layout-flow wp-block-column-is-layout-flow\"><\/div>\n<\/div>\n<\/div><\/div>\n\n\n\n<div class=\"wp-block-cover alignfull\" style=\"min-height:600px;aspect-ratio:unset;\"><span aria-hidden=\"true\" class=\"wp-block-cover__background has-nv-site-bg-background-color has-background-dim-100 has-background-dim\"><\/span><div class=\"wp-block-cover__inner-container is-layout-flow wp-block-cover-is-layout-flow\">\n<h2 class=\"alignfull has-text-align-center has-neve-link-color-color has-text-color wp-block-heading\"><strong>Contato<\/strong><\/h2>\n\n\n\n<div class=\"wp-block-columns is-layout-flex wp-container-core-columns-is-layout-9d6595d7 wp-block-columns-is-layout-flex\">\n<div class=\"wp-block-column is-layout-flow wp-block-column-is-layout-flow\"><\/div>\n\n\n\n<div class=\"wp-block-column is-layout-flow wp-block-column-is-layout-flow\" style=\"flex-basis:400px\">\n<div class=\"wpforms-container wpforms-container-full\" id=\"wpforms-115\"><form id=\"wpforms-form-115\" class=\"wpforms-validate wpforms-form wpforms-ajax-form\" data-formid=\"115\" method=\"post\" enctype=\"multipart\/form-data\" action=\"\/br\/wp-json\/wp\/v2\/pages\/33\" data-token=\"5709175ef0b402fa561c513f54ae5e4c\" data-token-time=\"1775734182\" data-trp-original-action=\"\/br\/wp-json\/wp\/v2\/pages\/33\"><noscript class=\"wpforms-error-noscript\">Please enable JavaScript in your browser to complete this form.<\/noscript><div class=\"wpforms-field-container\"><div id=\"wpforms-115-field_0-container\" class=\"wpforms-field wpforms-field-name\" data-field-id=\"0\"><label class=\"wpforms-field-label\" for=\"wpforms-115-field_0\">Nome <span class=\"wpforms-required-label\">*<\/span><\/label><input type=\"text\" id=\"wpforms-115-field_0\" class=\"wpforms-field-large wpforms-field-required\" name=\"wpforms[fields][0]\" required><\/div><div id=\"wpforms-115-field_1-container\" class=\"wpforms-field wpforms-field-email\" data-field-id=\"1\"><label class=\"wpforms-field-label\" for=\"wpforms-115-field_1\">Email <span class=\"wpforms-required-label\">*<\/span><\/label><input type=\"email\" id=\"wpforms-115-field_1\" class=\"wpforms-field-large wpforms-field-required\" name=\"wpforms[fields][1]\" spellcheck=\"false\" required><\/div><div id=\"wpforms-115-field_2-container\" class=\"wpforms-field wpforms-field-textarea\" data-field-id=\"2\"><label class=\"wpforms-field-label\" for=\"wpforms-115-field_2\">Mensagem <span class=\"wpforms-required-label\">*<\/span><\/label><textarea id=\"wpforms-115-field_2\" class=\"wpforms-field-medium wpforms-field-required\" name=\"wpforms[fields][2]\" required><\/textarea><\/div><\/div><!-- .wpforms-field-container --><div class=\"wpforms-recaptcha-container wpforms-is-recaptcha wpforms-is-recaptcha-type-v3\" ><input type=\"hidden\" name=\"wpforms[recaptcha]\" value=\"\"><\/div><div class=\"wpforms-submit-container\" ><input type=\"hidden\" name=\"wpforms[id]\" value=\"115\"><input type=\"hidden\" name=\"page_title\" value=\"\"><input type=\"hidden\" name=\"page_url\" value=\"https:\/\/ricaun.com\/br\/wp-json\/wp\/v2\/pages\/33\"><input type=\"hidden\" name=\"url_referer\" value=\"\"><button type=\"submit\" name=\"wpforms[submit]\" id=\"wpforms-submit-115\" class=\"wpforms-submit\" data-alt-text=\"Sending...\" data-submit-text=\"Submit\" aria-live=\"assertive\" value=\"wpforms-submit\">Enviar<\/button><img loading=\"lazy\" decoding=\"async\" src=\"https:\/\/ricaun.com\/wp-content\/plugins\/wpforms-lite\/assets\/images\/submit-spin.svg\" class=\"wpforms-submit-spinner\" style=\"display: none;\" width=\"26\" height=\"26\" alt=\"Loading\"><\/div><input type=\"hidden\" name=\"trp-form-language\" value=\"br\"\/><\/form><\/div>  <!-- .wpforms-container -->\n<\/div>\n\n\n\n<div class=\"wp-block-column is-layout-flow wp-block-column-is-layout-flow\"><\/div>\n<\/div>\n<\/div><\/div>","protected":false},"excerpt":{"rendered":"","protected":false},"author":1,"featured_media":693,"parent":0,"menu_order":0,"comment_status":"closed","ping_status":"closed","template":"","meta":{"neve_meta_sidebar":"","neve_meta_container":"default","neve_meta_enable_content_width":"","neve_meta_content_width":0,"neve_meta_title_alignment":"center","neve_meta_author_avatar":"","neve_post_elements_order":"","neve_meta_disable_header":"","neve_meta_disable_footer":"","neve_meta_disable_title":"on","_ti_tpc_template_sync":false,"_ti_tpc_template_id":"","footnotes":""},"class_list":["post-33","page","type-page","status-publish","has-post-thumbnail","hentry"],"aioseo_notices":[],"_links":{"self":[{"href":"https:\/\/ricaun.com\/br\/wp-json\/wp\/v2\/pages\/33","targetHints":{"allow":["GET"]}}],"collection":[{"href":"https:\/\/ricaun.com\/br\/wp-json\/wp\/v2\/pages"}],"about":[{"href":"https:\/\/ricaun.com\/br\/wp-json\/wp\/v2\/types\/page"}],"author":[{"embeddable":true,"href":"https:\/\/ricaun.com\/br\/wp-json\/wp\/v2\/users\/1"}],"replies":[{"embeddable":true,"href":"https:\/\/ricaun.com\/br\/wp-json\/wp\/v2\/comments?post=33"}],"version-history":[{"count":15,"href":"https:\/\/ricaun.com\/br\/wp-json\/wp\/v2\/pages\/33\/revisions"}],"predecessor-version":[{"id":695,"href":"https:\/\/ricaun.com\/br\/wp-json\/wp\/v2\/pages\/33\/revisions\/695"}],"wp:featuredmedia":[{"embeddable":true,"href":"https:\/\/ricaun.com\/br\/wp-json\/wp\/v2\/media\/693"}],"wp:attachment":[{"href":"https:\/\/ricaun.com\/br\/wp-json\/wp\/v2\/media?parent=33"}],"curies":[{"name":"wp","href":"https:\/\/api.w.org\/{rel}","templated":true}]}}