{"id":3,"date":"2021-08-28T15:43:52","date_gmt":"2021-08-28T18:43:52","guid":{"rendered":"https:\/\/ricaun.com\/?page_id=3"},"modified":"2021-09-13T16:37:13","modified_gmt":"2021-09-13T19:37:13","slug":"politica-de-privacidade","status":"publish","type":"page","link":"https:\/\/ricaun.com\/br\/politica-de-privacidade\/","title":{"rendered":"Pol\u00edtica de Privacidade"},"content":{"rendered":"<h3 class=\"wp-block-heading\">O que fazemos com as suas informa\u00e7\u00f5es<\/h3>\n\n\n\n<p>O termo &#8220;informa\u00e7\u00f5es pessoais&#8221; usado aqui, \u00e9 definido como qualquer informa\u00e7\u00e3o que identifica ou pode ser usada para identificar, contatar ou localizar a pessoa, a quem tal informa\u00e7\u00e3o pertence. As informa\u00e7\u00f5es pessoais que coletamos estar\u00e1 sujeita a esta Pol\u00edtica de Privacidade, a qual \u00e9 alterada de tempos em tempos.<\/p>\n\n\n\n<p>Quando voc\u00ea se cadastra no site <strong>ricaun <\/strong>pedimos o seu endere\u00e7o de e-mail.<\/p>\n\n\n\n<p>O site <strong>ricaun <\/strong>utiliza as informa\u00e7\u00f5es que s\u00e3o coletadas para os seguintes prop\u00f3sitos gerais: fornecimento de produtos e servi\u00e7os, cobran\u00e7a, identifica\u00e7\u00e3o e autentica\u00e7\u00e3o, melhoria de servi\u00e7os, contato e pesquisa.<\/p>\n\n\n\n<h3 class=\"wp-block-heading\">Armazenamento de Dados do Cliente<\/h3>\n\n\n\n<p>O site <strong>ricaun <\/strong>possui o armazenamento de dados, bancos de dados e todos os direitos da aplica\u00e7\u00e3o do site <strong>ricaun<\/strong>, entretanto, n\u00e3o fazemos nenhuma reivindica\u00e7\u00e3o dos direitos dos seus dados. Voc\u00ea ret\u00e9m todos os direitos sobre os seus dados e n\u00f3s nunca entraremos em contato com seus clientes diretamente, ou usaremos seus dados para a nossa pr\u00f3pria vantagem comercial ou para competir com voc\u00ea, ou para divulgar para os seus clientes.<\/p>\n\n\n\n<h3 class=\"wp-block-heading\"><strong>Cookies<\/strong><\/h3>\n\n\n\n<p>Um cookie \u00e9 uma pequena quantidade de dados, que podem incluir um identificador \u00fanico an\u00f4nimo. Os cookies s\u00e3o enviados para o seu navegador a partir de um site da web e armazenado no disco r\u00edgido do seu computador. Para cada computador que acessa o nosso site \u00e9 atribu\u00eddo um cookie diferente por n\u00f3s.<\/p>\n\n\n\n<h3 class=\"wp-block-heading\"><strong><strong>Google Analytics e Remarketing<\/strong><\/strong><\/h3>\n\n\n\n<p>N\u00f3s usamos um servi\u00e7o fornecido pelo Google chamado Google Analytics (GA). O GA nos permite alcan\u00e7ar as pessoas que j\u00e1 visitaram o nosso site, e mostrar-lhes an\u00fancios relevantes quando visitam outros sites na Internet da Rede de Display do Google. Isso \u00e9 chamado de &#8220;remarketing&#8221;.<\/p>\n\n\n\n<p>Os cookies podem ser usados para rastrear sua sess\u00e3o no nosso site, para veicular an\u00fancios personalizados do Google e de outros fornecedores terceiros. Quando voc\u00ea visita este site, voc\u00ea pode ver an\u00fancios publicados no site pelo Google ou outros terceiros. Atrav\u00e9s de nossos cookies e de cookies de terceiros, esses terceiros podem coletar informa\u00e7\u00f5es sobre voc\u00ea enquanto voc\u00ea estiver visitando esse site e outros sites. Eles podem usar esses dados para mostrar an\u00fancios nesse site e atrav\u00e9s da Internet, baseado em suas visitas anteriores a este site e a outros lugares na Internet. N\u00f3s n\u00e3o coletamos essas informa\u00e7\u00f5es ou controlamos o conte\u00fado dos an\u00fancios que voc\u00ea vai ver.<\/p>\n\n\n\n<h3 class=\"wp-block-heading\"><strong>Altera\u00e7\u00f5es a esta Pol\u00edtica de Privacidade<\/strong><\/h3>\n\n\n\n<p>Reservamos o direito de modificar esta declara\u00e7\u00e3o de privacidade a qualquer momento, portanto, revise-a frequentemente. Se fizermos altera\u00e7\u00f5es materiais a esta pol\u00edtica, iremos notific\u00e1-lo aqui ou por meio de um aviso em nossa homepage, de modo que voc\u00ea est\u00e1 ciente das informa\u00e7\u00f5es que coletamos, como as usamos, e sob quais circunst\u00e2ncias, se houver, as divulgamos .<\/p>\n\n\n\n<h3 class=\"wp-block-heading\"><strong>Perguntas<\/strong><\/h3>\n\n\n\n<p>Se voc\u00ea gostaria de: acessar, corrigir, alterar ou excluir quaisquer informa\u00e7\u00f5es pessoais que temos sobre voc\u00ea, registre uma queixa, ou simplesmente pe\u00e7a mais informa\u00e7\u00f5es atrav\u00e9s do e-mail\u00a0<strong>contact@ricaun.com<\/strong><\/p>","protected":false},"excerpt":{"rendered":"<p>O que fazemos com as suas informa\u00e7\u00f5es O termo &#8220;informa\u00e7\u00f5es pessoais&#8221; usado aqui, \u00e9 definido como qualquer informa\u00e7\u00e3o que identifica ou pode ser usada para identificar, contatar ou localizar a pessoa, a quem tal informa\u00e7\u00e3o pertence. As informa\u00e7\u00f5es pessoais que coletamos estar\u00e1 sujeita a esta Pol\u00edtica de Privacidade, a qual \u00e9 alterada de tempos em&hellip;&nbsp;<a href=\"https:\/\/ricaun.com\/br\/politica-de-privacidade\/\" class=\"\" rel=\"bookmark\">Continue a ler &raquo;<span class=\"screen-reader-text\">Pol\u00edtica de Privacidade<\/span><\/a><\/p>","protected":false},"author":1,"featured_media":0,"parent":0,"menu_order":0,"comment_status":"closed","ping_status":"open","template":"","meta":{"neve_meta_sidebar":"","neve_meta_container":"","neve_meta_enable_content_width":"","neve_meta_content_width":0,"neve_meta_title_alignment":"","neve_meta_author_avatar":"","neve_post_elements_order":"","neve_meta_disable_header":"","neve_meta_disable_footer":"","neve_meta_disable_title":"","_ti_tpc_template_sync":false,"_ti_tpc_template_id":"","footnotes":""},"class_list":["post-3","page","type-page","status-publish","hentry"],"aioseo_notices":[],"_links":{"self":[{"href":"https:\/\/ricaun.com\/br\/wp-json\/wp\/v2\/pages\/3","targetHints":{"allow":["GET"]}}],"collection":[{"href":"https:\/\/ricaun.com\/br\/wp-json\/wp\/v2\/pages"}],"about":[{"href":"https:\/\/ricaun.com\/br\/wp-json\/wp\/v2\/types\/page"}],"author":[{"embeddable":true,"href":"https:\/\/ricaun.com\/br\/wp-json\/wp\/v2\/users\/1"}],"replies":[{"embeddable":true,"href":"https:\/\/ricaun.com\/br\/wp-json\/wp\/v2\/comments?post=3"}],"version-history":[{"count":2,"href":"https:\/\/ricaun.com\/br\/wp-json\/wp\/v2\/pages\/3\/revisions"}],"predecessor-version":[{"id":208,"href":"https:\/\/ricaun.com\/br\/wp-json\/wp\/v2\/pages\/3\/revisions\/208"}],"wp:attachment":[{"href":"https:\/\/ricaun.com\/br\/wp-json\/wp\/v2\/media?parent=3"}],"curies":[{"name":"wp","href":"https:\/\/api.w.org\/{rel}","templated":true}]}}