{"id":258,"date":"2021-11-17T11:14:52","date_gmt":"2021-11-17T14:14:52","guid":{"rendered":"https:\/\/ricaun.com\/?page_id=258"},"modified":"2026-04-10T12:42:40","modified_gmt":"2026-04-10T15:42:40","slug":"circuitname","status":"publish","type":"page","link":"https:\/\/ricaun.com\/br\/circuitname\/","title":{"rendered":"CircuitName"},"content":{"rendered":"<div class=\"wp-block-columns is-layout-flex wp-container-core-columns-is-layout-9d6595d7 wp-block-columns-is-layout-flex\">\n<div class=\"wp-block-column is-layout-flow wp-block-column-is-layout-flow\"><div class=\"wp-block-image\">\n<figure class=\"aligncenter size-full is-resized\"><img loading=\"lazy\" decoding=\"async\" width=\"640\" height=\"640\" src=\"https:\/\/ricaun.com\/wp-content\/uploads\/2022\/01\/CircuitName640.png\" alt=\"CircuitName\" class=\"wp-image-522\" style=\"width:320px;height:320px\" srcset=\"https:\/\/ricaun.com\/wp-content\/uploads\/2022\/01\/CircuitName640.png 640w, https:\/\/ricaun.com\/wp-content\/uploads\/2022\/01\/CircuitName640-300x300.png 300w, https:\/\/ricaun.com\/wp-content\/uploads\/2022\/01\/CircuitName640-150x150.png 150w, https:\/\/ricaun.com\/wp-content\/uploads\/2022\/01\/CircuitName640-12x12.png 12w\" sizes=\"auto, (max-width: 640px) 100vw, 640px\" \/><\/figure>\n<\/div><\/div>\n\n\n\n<div class=\"wp-block-column is-vertically-aligned-center is-layout-flow wp-block-column-is-layout-flow\">\n<p><strong>CircuitName \u00e9 um plugin para renomear os circuitos el\u00e9tricos e de comunica\u00e7\u00e3o no Revit 2021 e em diante.<\/strong><\/p>\n\n\n\n<p><strong>O numero do circuito dos equipamentos el\u00e9tricos fica igual o nome do painel, configure todos os prefixos tudo em um \u00fanico local.<\/strong><\/p>\n<\/div>\n<\/div>\n\n\n<\/p>\n<div class=\"nv-iframe-embed\"><iframe loading=\"lazy\" title=\"N\u00famero do circuito autom\u00e1tico!\" width=\"1200\" height=\"675\" src=\"https:\/\/www.youtube.com\/embed\/LyBSjo5091A?feature=oembed\" frameborder=\"0\" allow=\"accelerometer; autoplay; clipboard-write; encrypted-media; gyroscope; picture-in-picture; web-share\" allowfullscreen><\/iframe><\/div>\n<p><\/p>\n\n\n\n<div class=\"wp-block-buttons is-horizontal is-content-justification-center is-layout-flex wp-container-core-buttons-is-layout-499968f5 wp-block-buttons-is-layout-flex\">\n<div class=\"wp-block-button\"><a class=\"wp-block-button__link wp-element-button\" href=\"\/downloads\/ricaun.CircuitName\/\" target=\"_blank\" rel=\"noreferrer noopener\">Download Trial (15 Days)<\/a><\/div>\n\n\n\n<div class=\"wp-block-button\"><a class=\"wp-block-button__link wp-element-button\" href=\"\/downloads\/ricaun.CircuitName\/\" target=\"_blank\" rel=\"noreferrer noopener\">Download Full Version<\/a><\/div>\n<\/div>\n\n\n\n<ul class=\"wp-block-list\">\n<li><strong>Licen\u00e7a Vital\u00edcia para um Usu\u00e1rio da Autodesk.<\/strong><\/li>\n\n\n\n<li><strong>Update Autom\u00e1tico sem custo.<\/strong><\/li>\n\n\n\n<li><strong>Suporte T\u00e9cnico por 3 meses.<\/strong><\/li>\n\n\n\n<li><strong>Compatible with Revit versions 2021 to 2027.<\/strong><\/li>\n<\/ul>\n\n\n\n<hr class=\"wp-block-separator has-css-opacity\"\/>\n\n\n\n<h2 class=\"wp-block-heading has-text-align-center\">Licen\u00e7a Vital\u00edcia<\/h2>\n\n\n\n<div class=\"wp-block-buttons is-horizontal is-content-justification-center is-layout-flex wp-container-core-buttons-is-layout-499968f5 wp-block-buttons-is-layout-flex\">\n<div class=\"wp-block-button\"><a class=\"wp-block-button__link has-custom-font-size wp-element-button\" href=\"https:\/\/pay.hotmart.com\/J62791733A?checkoutMode=10\" style=\"font-size:24px\" target=\"_blank\" rel=\"noreferrer noopener\">Comprar<\/a><\/div>\n<\/div>\n\n\n\n<p class=\"has-text-align-center\"><strong><strong>(Licen\u00e7a vital\u00edcia \u00e9 associado a um \u00fanico usu\u00e1rio da Autodesk)<\/strong><\/strong><\/p>\n\n\n\n<hr class=\"wp-block-separator has-css-opacity\"\/>\n\n\n\n<h2 class=\"wp-block-heading has-text-align-center\">Ajuda<\/h2>\n\n\n\n<div class=\"wp-block-buttons is-horizontal is-content-justification-center is-layout-flex wp-container-core-buttons-is-layout-499968f5 wp-block-buttons-is-layout-flex\">\n<div class=\"wp-block-button\"><a class=\"wp-block-button__link wp-element-button\" href=\"https:\/\/ricaun.com\/circuitname-help\/\" target=\"_blank\" rel=\"noreferrer noopener\">Manual do Usu\u00e1rio<\/a><\/div>\n\n\n\n<div class=\"wp-block-button\"><a class=\"wp-block-button__link wp-element-button\" href=\"https:\/\/ricaun.com\/wp-content\/uploads\/2021\/11\/Circuit_Name_2021_Sample.zip\">Sample File<\/a><\/div>\n<\/div>\n\n\n\n<p><\/p>","protected":false},"excerpt":{"rendered":"<p>CircuitName is a plugin to rename electrical and communication circuits in Revit 2021 and onwards. The circuit number of the electrical equipment is the same as the panel name, configure all prefixes all in one place. Lifetime License (Lifetime license is associated with a single Autodesk user) Help<\/p>","protected":false},"author":1,"featured_media":0,"parent":0,"menu_order":0,"comment_status":"closed","ping_status":"closed","template":"","meta":{"neve_meta_sidebar":"","neve_meta_container":"contained","neve_meta_enable_content_width":"on","neve_meta_content_width":70,"neve_meta_title_alignment":"center","neve_meta_author_avatar":"","neve_post_elements_order":"","neve_meta_disable_header":"","neve_meta_disable_footer":"","neve_meta_disable_title":"","_ti_tpc_template_sync":false,"_ti_tpc_template_id":"","footnotes":""},"class_list":["post-258","page","type-page","status-publish","hentry"],"aioseo_notices":[],"_links":{"self":[{"href":"https:\/\/ricaun.com\/br\/wp-json\/wp\/v2\/pages\/258","targetHints":{"allow":["GET"]}}],"collection":[{"href":"https:\/\/ricaun.com\/br\/wp-json\/wp\/v2\/pages"}],"about":[{"href":"https:\/\/ricaun.com\/br\/wp-json\/wp\/v2\/types\/page"}],"author":[{"embeddable":true,"href":"https:\/\/ricaun.com\/br\/wp-json\/wp\/v2\/users\/1"}],"replies":[{"embeddable":true,"href":"https:\/\/ricaun.com\/br\/wp-json\/wp\/v2\/comments?post=258"}],"version-history":[{"count":49,"href":"https:\/\/ricaun.com\/br\/wp-json\/wp\/v2\/pages\/258\/revisions"}],"predecessor-version":[{"id":1015,"href":"https:\/\/ricaun.com\/br\/wp-json\/wp\/v2\/pages\/258\/revisions\/1015"}],"wp:attachment":[{"href":"https:\/\/ricaun.com\/br\/wp-json\/wp\/v2\/media?parent=258"}],"curies":[{"name":"wp","href":"https:\/\/api.w.org\/{rel}","templated":true}]}}